{"id":10,"date":"2025-05-08T14:01:04","date_gmt":"2025-05-08T14:01:04","guid":{"rendered":"https:\/\/marchandenergie.com\/?page_id=10"},"modified":"2026-04-08T11:27:19","modified_gmt":"2026-04-08T16:27:19","slug":"carrieres","status":"publish","type":"page","link":"https:\/\/marchandenergie.com\/?page_id=10","title":{"rendered":"Carri\u00e8res"},"content":{"rendered":"<p>[et_pb_section fb_built=&#8221;1&#8243; admin_label=&#8221;Header&#8221; _builder_version=&#8221;4.27.4&#8243; _module_preset=&#8221;8484c018-f559-4bb1-9f17-6edef9a5daa4&#8243; background_image=&#8221;https:\/\/marchandenergie.com\/wp-content\/uploads\/2025\/10\/1742405784335-1.png&#8221; filter_brightness=&#8221;160%&#8221; collapsed=&#8221;on&#8221; global_colors_info=&#8221;{}&#8221;][et_pb_row column_structure=&#8221;2_3,1_3&#8243; _builder_version=&#8221;4.27.4&#8243; _module_preset=&#8221;default&#8221; global_colors_info=&#8221;{}&#8221;][et_pb_column type=&#8221;2_3&#8243; _builder_version=&#8221;4.27.4&#8243; _module_preset=&#8221;default&#8221; global_colors_info=&#8221;{}&#8221;][et_pb_heading title=&#8221;CHOISIR MARCHAND&#8221; _builder_version=&#8221;4.27.4&#8243; _module_preset=&#8221;ae00f81a-b251-454c-95cd-1315a7325df0&#8243; title_text_color=&#8221;#FFFFFF&#8221; text_shadow_style=&#8221;preset4&#8243; global_colors_info=&#8221;{}&#8221;][\/et_pb_heading][et_pb_heading title=&#8221;Carri\u00e8res&#8221; _builder_version=&#8221;4.27.4&#8243; _module_preset=&#8221;default&#8221; title_text_color=&#8221;#FFFFFF&#8221; title_font_size=&#8221;50px&#8221; title_font_size_tablet=&#8221;40px&#8221; title_font_size_phone=&#8221;30px&#8221; text_shadow_style=&#8221;preset4&#8243; global_colors_info=&#8221;{}&#8221;][\/et_pb_heading][\/et_pb_column][et_pb_column type=&#8221;1_3&#8243; _builder_version=&#8221;4.27.4&#8243; _module_preset=&#8221;default&#8221; global_colors_info=&#8221;{}&#8221;][\/et_pb_column][\/et_pb_row][\/et_pb_section][et_pb_section fb_built=&#8221;1&#8243; admin_label=&#8221;About&#8221; _builder_version=&#8221;4.27.4&#8243; _module_preset=&#8221;default&#8221; custom_margin=&#8221;||-101px||false|false&#8221; custom_padding=&#8221;20px||20px||true|false&#8221; collapsed=&#8221;on&#8221; global_colors_info=&#8221;{}&#8221;][et_pb_row make_equal=&#8221;on&#8221; _builder_version=&#8221;4.27.4&#8243; _module_preset=&#8221;default&#8221; custom_margin=&#8221;||||false|false&#8221; custom_padding=&#8221;||0px||false|false&#8221; global_colors_info=&#8221;{}&#8221;][et_pb_column type=&#8221;4_4&#8243; _builder_version=&#8221;4.27.4&#8243; _module_preset=&#8221;default&#8221; custom_css_main_element=&#8221;align-self: center;&#8221; global_colors_info=&#8221;{}&#8221;][et_pb_heading title=&#8221;Fi\u00e8rement Marchand&#8221; _builder_version=&#8221;4.27.4&#8243; _module_preset=&#8221;default&#8221; title_font_size=&#8221;28px&#8221; custom_margin=&#8221;||0px||false|false&#8221; title_font_size_tablet=&#8221;30px&#8221; global_colors_info=&#8221;{}&#8221;][\/et_pb_heading][et_pb_text _builder_version=&#8221;4.27.4&#8243; _module_preset=&#8221;default&#8221; text_font_size=&#8221;18px&#8221; global_colors_info=&#8221;{}&#8221;]<\/p>\n<p>Chez Marchand, notre plus grande force, c\u2019est notre monde.<\/p>\n<p>Derri\u00e8re chaque r\u00e9alisation, chaque projet men\u00e9 \u00e0 terme, il y a des femmes et des hommes qui s\u2019engagent avec rigueur, c\u0153ur et fiert\u00e9.<br \/><strong>Sans eux, nous ne serions pas ce que nous sommes aujourd\u2019hui.<\/strong><\/p>\n<p>Notre croissance repose sur un principe simple : <strong>reconna\u00eetre le talent, investir dans le potentiel et miser sur le respect.<\/strong><br \/>Joindre Marchand, c\u2019est faire partie d\u2019une <strong>\u00e9quipe inclusive, solidaire et professionnelle<\/strong>, issue de diff\u00e9rents parcours, <strong>unis par la m\u00eame fiert\u00e9 du travail bien fait<\/strong>.<\/p>\n<p>[\/et_pb_text][\/et_pb_column][\/et_pb_row][et_pb_row column_structure=&#8221;1_3,1_3,1_3&#8243; _builder_version=&#8221;4.27.4&#8243; _module_preset=&#8221;default&#8221; global_colors_info=&#8221;{}&#8221;][et_pb_column type=&#8221;1_3&#8243; _builder_version=&#8221;4.27.4&#8243; _module_preset=&#8221;default&#8221; global_colors_info=&#8221;{}&#8221;][et_pb_image src=&#8221;https:\/\/marchandenergie.com\/wp-content\/uploads\/2025\/08\/image-22.png&#8221; title_text=&#8221;image (22)&#8221; _builder_version=&#8221;4.27.4&#8243; _module_preset=&#8221;default&#8221; box_shadow_style=&#8221;preset2&#8243; box_shadow_color=&#8221;#000000&#8243; global_colors_info=&#8221;{}&#8221;][\/et_pb_image][\/et_pb_column][et_pb_column type=&#8221;1_3&#8243; _builder_version=&#8221;4.27.4&#8243; _module_preset=&#8221;default&#8221; global_colors_info=&#8221;{}&#8221;][et_pb_image src=&#8221;https:\/\/marchandenergie.com\/wp-content\/uploads\/2025\/07\/unnamed-5.jpg&#8221; title_text=&#8221;unnamed&#8221; _builder_version=&#8221;4.27.4&#8243; _module_preset=&#8221;default&#8221; width=&#8221;100%&#8221; max_width=&#8221;100%&#8221; min_height=&#8221;392px&#8221; box_shadow_style=&#8221;preset2&#8243; box_shadow_color=&#8221;#000000&#8243; global_colors_info=&#8221;{}&#8221;][\/et_pb_image][\/et_pb_column][et_pb_column type=&#8221;1_3&#8243; _builder_version=&#8221;4.27.4&#8243; _module_preset=&#8221;default&#8221; global_colors_info=&#8221;{}&#8221;][et_pb_image src=&#8221;https:\/\/marchandenergie.com\/wp-content\/uploads\/2025\/07\/unnamed-4.jpg&#8221; title_text=&#8221;unnamed&#8221; _builder_version=&#8221;4.27.4&#8243; _module_preset=&#8221;default&#8221; width=&#8221;83%&#8221; box_shadow_style=&#8221;preset2&#8243; box_shadow_color=&#8221;#000000&#8243; global_colors_info=&#8221;{}&#8221;][\/et_pb_image][\/et_pb_column][\/et_pb_row][et_pb_row make_equal=&#8221;on&#8221; _builder_version=&#8221;4.27.4&#8243; _module_preset=&#8221;default&#8221; min_height=&#8221;128px&#8221; custom_margin=&#8221;||||false|false&#8221; custom_padding=&#8221;||0px||false|false&#8221; global_colors_info=&#8221;{}&#8221;][et_pb_column type=&#8221;4_4&#8243; _builder_version=&#8221;4.27.4&#8243; _module_preset=&#8221;default&#8221; custom_css_main_element=&#8221;align-self: center;&#8221; global_colors_info=&#8221;{}&#8221;][et_pb_heading title=&#8221;Vous souhaitez rejoindre notre \u00e9quipe ?&#8221; _builder_version=&#8221;4.27.4&#8243; _module_preset=&#8221;default&#8221; title_font_size=&#8221;28px&#8221; custom_margin=&#8221;||0px||false|false&#8221; title_font_size_tablet=&#8221;30px&#8221; global_colors_info=&#8221;{}&#8221;][\/et_pb_heading][et_pb_text _builder_version=&#8221;4.27.4&#8243; _module_preset=&#8221;default&#8221; text_font_size=&#8221;17px&#8221; min_height=&#8221;84.6px&#8221; custom_padding=&#8221;||0px|||&#8221; global_colors_info=&#8221;{}&#8221;]<\/p>\n<p>Nous sommes toujours \u00e0 la recherche de talents passionn\u00e9s, curieux et engag\u00e9s.<br \/>M\u00eame si aucune offre n\u2019est actuellement affich\u00e9e, votre profil nous int\u00e9resse peut-\u00eatre d\u00e9j\u00e0.<\/p>\n<p>[\/et_pb_text][\/et_pb_column][\/et_pb_row][et_pb_row _builder_version=&#8221;4.27.4&#8243; _module_preset=&#8221;default&#8221; global_colors_info=&#8221;{}&#8221;][et_pb_column type=&#8221;4_4&#8243; _builder_version=&#8221;4.27.4&#8243; _module_preset=&#8221;default&#8221; global_colors_info=&#8221;{}&#8221;][et_pb_blog include_categories=&#8221;13&#8243; show_author=&#8221;off&#8221; show_date=&#8221;off&#8221; show_categories=&#8221;off&#8221; _builder_version=&#8221;4.27.4&#8243; _module_preset=&#8221;default&#8221; global_colors_info=&#8221;{}&#8221;][\/et_pb_blog][\/et_pb_column][\/et_pb_row][et_pb_row _builder_version=&#8221;4.27.4&#8243; _module_preset=&#8221;default&#8221; min_height=&#8221;60.9px&#8221; global_colors_info=&#8221;{}&#8221;][et_pb_column type=&#8221;4_4&#8243; _builder_version=&#8221;4.27.4&#8243; _module_preset=&#8221;default&#8221; global_colors_info=&#8221;{}&#8221;][et_pb_text _builder_version=&#8221;4.27.4&#8243; _module_preset=&#8221;default&#8221; header_4_font_size=&#8221;23px&#8221; min_height=&#8221;41.9px&#8221; custom_margin=&#8221;||5px||false|false&#8221; custom_padding=&#8221;||||false|false&#8221; global_colors_info=&#8221;{}&#8221;]<\/p>\n<h4>Voici quelques r\u00f4les que l\u2019on retrouve fr\u00e9quemment chez Marchand<\/h4>\n<p>[\/et_pb_text][\/et_pb_column][\/et_pb_row][et_pb_row column_structure=&#8221;1_3,1_3,1_3&#8243; _builder_version=&#8221;4.27.4&#8243; _module_preset=&#8221;default&#8221; custom_margin=&#8221;-41px|auto||auto||&#8221; custom_padding=&#8221;30px|||||&#8221; global_colors_info=&#8221;{}&#8221;][et_pb_column type=&#8221;1_3&#8243; _builder_version=&#8221;4.27.4&#8243; _module_preset=&#8221;default&#8221; global_colors_info=&#8221;{}&#8221;][et_pb_text _builder_version=&#8221;4.27.4&#8243; _module_preset=&#8221;default&#8221; text_font_size=&#8221;18px&#8221; text_orientation=&#8221;center&#8221; width=&#8221;100%&#8221; custom_margin=&#8221;|-37px||||&#8221; box_shadow_style=&#8221;preset2&#8243; global_colors_info=&#8221;{}&#8221;]<\/p>\n<p><span style=\"color: #ff0000;\"><strong>\u00c9lectricit\u00e9 \u2013 construction et service<\/strong><\/span><\/p>\n<p>\u00c9lectriciens, chefs d\u2019\u00e9quipe, contrema\u00eetres, charg\u00e9s de projets, estimateurs<\/p>\n<p>[\/et_pb_text][\/et_pb_column][et_pb_column type=&#8221;1_3&#8243; _builder_version=&#8221;4.27.4&#8243; _module_preset=&#8221;default&#8221; global_colors_info=&#8221;{}&#8221;][et_pb_text _builder_version=&#8221;4.27.4&#8243; _module_preset=&#8221;default&#8221; text_font_size=&#8221;18px&#8221; text_orientation=&#8221;center&#8221; width=&#8221;100%&#8221; custom_margin=&#8221;|-37px||||&#8221; box_shadow_style=&#8221;preset2&#8243; global_colors_info=&#8221;{}&#8221;]<\/p>\n<p><span style=\"color: #ff0000;\"><strong>Automatisation \u2013 service et fabrication<\/strong><\/span><\/p>\n<p>Techniciens en automatisation, programmeurs API \/ SCADA, assembleurs de panneaux, dessinateurs techniques<\/p>\n<p>[\/et_pb_text][\/et_pb_column][et_pb_column type=&#8221;1_3&#8243; _builder_version=&#8221;4.27.4&#8243; _module_preset=&#8221;default&#8221; global_colors_info=&#8221;{}&#8221;][et_pb_text _builder_version=&#8221;4.27.4&#8243; _module_preset=&#8221;default&#8221; text_font_size=&#8221;18px&#8221; text_orientation=&#8221;center&#8221; width=&#8221;92.3%&#8221; custom_margin=&#8221;|-37px||||&#8221; custom_padding=&#8221;|15px||||&#8221; box_shadow_style=&#8221;preset2&#8243; global_colors_info=&#8221;{}&#8221;]<\/p>\n<p><strong><span style=\"color: #ff0000;\">Services \u00e9lectrotechniques<\/span><\/strong><\/p>\n<p>Techniciens de mise en service, ing\u00e9nieurs sp\u00e9cialis\u00e9s, analystes techniques<\/p>\n<p>[\/et_pb_text][\/et_pb_column][\/et_pb_row][et_pb_row make_equal=&#8221;on&#8221; _builder_version=&#8221;4.27.4&#8243; _module_preset=&#8221;default&#8221; min_height=&#8221;123.2px&#8221; custom_margin=&#8221;||||false|false&#8221; custom_padding=&#8221;45px||0px||false|false&#8221; global_colors_info=&#8221;{}&#8221;][et_pb_column type=&#8221;4_4&#8243; _builder_version=&#8221;4.27.4&#8243; _module_preset=&#8221;default&#8221; custom_css_main_element=&#8221;align-self: center;&#8221; global_colors_info=&#8221;{}&#8221;][et_pb_heading title=&#8221;Un aper\u00e7u de notre culture&#8221; _builder_version=&#8221;4.27.4&#8243; _module_preset=&#8221;default&#8221; title_font_size=&#8221;28px&#8221; custom_margin=&#8221;||0px||false|false&#8221; title_font_size_tablet=&#8221;30px&#8221; global_colors_info=&#8221;{}&#8221;][\/et_pb_heading][et_pb_text _builder_version=&#8221;4.27.4&#8243; _module_preset=&#8221;default&#8221; text_font_size=&#8221;18px&#8221; min_height=&#8221;67.8px&#8221; custom_margin=&#8221;||-22px|||&#8221; custom_padding=&#8221;||0px|||&#8221; global_colors_info=&#8221;{}&#8221;]<\/p>\n<p>D\u00e9couvrez les visages derri\u00e8re nos projets, la fiert\u00e9 qui nous unit et l\u2019ambiance qui nous anime:<\/p>\n<p>[\/et_pb_text][\/et_pb_column][\/et_pb_row][et_pb_row column_structure=&#8221;1_4,1_4,1_4,1_4&#8243; make_equal=&#8221;on&#8221; _builder_version=&#8221;4.27.4&#8243; _module_preset=&#8221;default&#8221; width=&#8221;64%&#8221; module_alignment=&#8221;center&#8221; global_colors_info=&#8221;{}&#8221;][et_pb_column type=&#8221;1_4&#8243; _builder_version=&#8221;4.27.4&#8243; _module_preset=&#8221;default&#8221; global_colors_info=&#8221;{}&#8221;][et_pb_text _builder_version=&#8221;4.27.4&#8243; _module_preset=&#8221;default&#8221; width=&#8221;100%&#8221; global_colors_info=&#8221;{}&#8221;]<\/p>\n<h6>\u00c9quipe <strong data-start=\"318\" data-end=\"350\">Automatisation\u00a0 \u00a0\u00a0<\/strong><\/h6>\n<p>Des techniciens et ing\u00e9nieurs sp\u00e9cialis\u00e9s dans la conception, l\u2019int\u00e9gration et l\u2019optimisation de syst\u00e8mes automatis\u00e9s pour l&#8217;industrie.\u00a0 \u00a0 \u00a0 \u00a0 \u00a0 \u00a0 \u00a0 \u00a0 \u00a0 \u00a0 \u00a0<\/p>\n<p>[\/et_pb_text][et_pb_image src=&#8221;https:\/\/marchandenergie.com\/wp-content\/uploads\/2025\/07\/unnamed.jpg&#8221; _builder_version=&#8221;4.27.4&#8243; _module_preset=&#8221;default&#8221; width=&#8221;100%&#8221; max_width=&#8221;100%&#8221; min_height=&#8221;276px&#8221; height=&#8221;301px&#8221; max_height=&#8221;100px&#8221; custom_margin=&#8221;61px|||||&#8221; global_colors_info=&#8221;{}&#8221;][\/et_pb_image][\/et_pb_column][et_pb_column type=&#8221;1_4&#8243; _builder_version=&#8221;4.27.4&#8243; _module_preset=&#8221;default&#8221; global_colors_info=&#8221;{}&#8221;][et_pb_text _builder_version=&#8221;4.27.4&#8243; _module_preset=&#8221;default&#8221; width=&#8221;100%&#8221; global_colors_info=&#8221;{}&#8221;]<\/p>\n<h6 data-section-id=\"ytgauo\" data-start=\"284\" data-end=\"341\"><strong data-start=\"288\" data-end=\"341\">\u00c9quipe d&#8217;\u00c9lectricit\u00e9<\/strong><\/h6>\n<p>Des \u00e9lectriciens qualifi\u00e9s au c\u0153ur de notre savoir-faire. Forte d\u2019une solide exp\u00e9rience sur le terrain, des professionnels passionn\u00e9s, rigoureux et certifi\u00e9s.<\/p>\n<p>[\/et_pb_text][et_pb_image src=&#8221;https:\/\/marchandenergie.com\/wp-content\/uploads\/2025\/07\/unnamed-1.jpg&#8221; _builder_version=&#8221;4.27.4&#8243; _module_preset=&#8221;default&#8221; min_height=&#8221;272px&#8221; custom_padding=&#8221;0px|||||&#8221; global_colors_info=&#8221;{}&#8221;][\/et_pb_image][\/et_pb_column][et_pb_column type=&#8221;1_4&#8243; _builder_version=&#8221;4.27.4&#8243; _module_preset=&#8221;default&#8221; global_colors_info=&#8221;{}&#8221;][et_pb_text _builder_version=&#8221;4.27.4&#8243; _module_preset=&#8221;default&#8221; width=&#8221;100%&#8221; global_colors_info=&#8221;{}&#8221;]<\/p>\n<h6>\u00c9quipe Bo\u00eetiers<\/h6>\n<p>Un pilier fondamental de notre savoir-faire industriel. Compos\u00e9e d&#8217;ing\u00e9nieurs, de techniciens et de sp\u00e9cialistes en fabrication.\u00a0 \u00a0 \u00a0 \u00a0\u00a0<\/p>\n<p>&nbsp;<\/p>\n<p>[\/et_pb_text][et_pb_image src=&#8221;https:\/\/marchandenergie.com\/wp-content\/uploads\/2025\/07\/unnamed-3.jpg&#8221; _builder_version=&#8221;4.27.4&#8243; _module_preset=&#8221;default&#8221; transform_scale=&#8221;109%|109%&#8221; transform_translate=&#8221;0px|20px&#8221; global_colors_info=&#8221;{}&#8221;][\/et_pb_image][\/et_pb_column][et_pb_column type=&#8221;1_4&#8243; _builder_version=&#8221;4.27.4&#8243; _module_preset=&#8221;default&#8221; global_colors_info=&#8221;{}&#8221;][et_pb_text _builder_version=&#8221;4.27.4&#8243; _module_preset=&#8221;default&#8221; width=&#8221;100%&#8221; global_colors_info=&#8221;{}&#8221;]<\/p>\n<h6>\u00c9quipe <strong data-start=\"376\" data-end=\"393\">Consult-Elect<\/strong><\/h6>\n<p>Elle incarne l\u2019expertise technique et strat\u00e9gique dans le domaine de l\u2019ing\u00e9nierie \u00e9lectrique. Une \u00e9quipe pluridisciplinaire, agile et r\u00e9active.\u00a0 \u00a0 \u00a0 \u00a0 \u00a0 \u00a0 \u00a0 \u00a0 \u00a0 \u00a0 \u00a0 \u00a0 \u00a0 \u00a0 \u00a0 \u00a0 \u00a0 \u00a0 \u00a0 \u00a0 \u00a0 \u00a0 \u00a0 \u00a0 \u00a0 \u00a0 \u00a0 \u00a0 \u00a0 \u00a0 \u00a0 \u00a0 \u00a0 \u00a0 \u00a0 \u00a0 \u00a0 \u00a0 \u00a0 \u00a0 \u00a0<\/p>\n<p>[\/et_pb_text][et_pb_image src=&#8221;https:\/\/marchandenergie.com\/wp-content\/uploads\/2025\/07\/unnamed-2.jpg&#8221; _builder_version=&#8221;4.27.4&#8243; _module_preset=&#8221;default&#8221; width=&#8221;100%&#8221; max_width=&#8221;100%&#8221; min_height=&#8221;272px&#8221; height=&#8221;247px&#8221; global_colors_info=&#8221;{}&#8221;][\/et_pb_image][\/et_pb_column][\/et_pb_row][\/et_pb_section][et_pb_section fb_built=&#8221;1&#8243; _builder_version=&#8221;4.27.4&#8243; _module_preset=&#8221;default&#8221; min_height=&#8221;1010.3px&#8221; custom_padding=&#8221;||0px|||&#8221; global_colors_info=&#8221;{}&#8221;][et_pb_row _builder_version=&#8221;4.27.4&#8243; _module_preset=&#8221;default&#8221; min_height=&#8221;901.3px&#8221; custom_padding=&#8221;0px|||||&#8221; global_colors_info=&#8221;{}&#8221;][et_pb_column type=&#8221;4_4&#8243; _builder_version=&#8221;4.27.4&#8243; _module_preset=&#8221;default&#8221; global_colors_info=&#8221;{}&#8221;][et_pb_text _builder_version=&#8221;4.27.4&#8243; _module_preset=&#8221;default&#8221; header_font=&#8221;|700|||||||&#8221; header_text_align=&#8221;center&#8221; header_font_size=&#8221;60px&#8221; custom_padding=&#8221;23px|||||&#8221; hover_enabled=&#8221;0&#8243; global_colors_info=&#8221;{}&#8221; sticky_enabled=&#8221;0&#8243;]<\/p>\n<div class=\"tw-ta-container tw-nfl\" id=\"tw-target-text-container\" role=\"text\" tabindex=\"0\">\n<h4><strong><\/strong><\/h4>\n<h4><strong><\/strong><\/h4>\n<h6><strong>Rejoignez une \u00e9quipe soud\u00e9e, fi\u00e8re et tourn\u00e9e vers l&#8217;avenir &#8211; et contribuez \u00e0 faire avancer notre aventure.<\/strong><\/h6>\n<p>Envoyez-nous votre CV accompagn\u00e9 d\u2019une lettre de motivation \u00e0 l\u2019adresse suivante :<br \/>\ud83d\udce7 cv@marchandenergie.com<br \/>ou directement via notre formulaire en ligne ci-dessous.<\/p>\n<p>&nbsp;<\/p>\n<\/div>\n<p>[\/et_pb_text][et_pb_code _builder_version=&#8221;4.27.4&#8243; _module_preset=&#8221;default&#8221; width=&#8221;70.7%&#8221; min_height=&#8221;719.7px&#8221; locked=&#8221;off&#8221; global_colors_info=&#8221;{}&#8221;]<div class=\"forminator-ui forminator-custom-form forminator-custom-form-784 forminator-design--basic  forminator_ajax\" data-forminator-render=\"0\" data-form=\"forminator-module-784\" data-uid=\"6a01fe23c8fcc\"><br\/><\/div><form\r\n\t\t\t\tid=\"forminator-module-784\"\r\n\t\t\t\tclass=\"forminator-ui forminator-custom-form forminator-custom-form-784 forminator-design--basic  forminator_ajax\"\r\n\t\t\t\tmethod=\"post\"\r\n\t\t\t\tdata-forminator-render=\"0\"\r\n\t\t\t\tdata-form-id=\"784\"\r\n\t\t\t\tenctype=\"multipart\/form-data\" data-color-option=\"default\" data-design=\"basic\" data-grid=\"open\" style=\"display: none;\"\r\n\t\t\t\tdata-uid=\"6a01fe23c8fcc\"\r\n\t\t\t><div role=\"alert\" aria-live=\"polite\" class=\"forminator-response-message forminator-error\" aria-hidden=\"true\"><\/div><div class=\"forminator-row\"><div id=\"text-1\" class=\"forminator-field-text forminator-col forminator-col-12 \"><div class=\"forminator-field\"><label for=\"forminator-field-text-1_6a01fe23c8fcc\" id=\"forminator-field-text-1_6a01fe23c8fcc-label\" class=\"forminator-label\">Votre nom <span class=\"forminator-required\">*<\/span><\/label><input type=\"text\" name=\"text-1\" value=\"\" placeholder=\"\" id=\"forminator-field-text-1_6a01fe23c8fcc\" class=\"forminator-input forminator-name--field\" data-required=\"1\" \/><\/div><\/div><\/div><div class=\"forminator-row\"><div id=\"email-1\" class=\"forminator-field-email forminator-col forminator-col-12 \"><div class=\"forminator-field\"><label for=\"forminator-field-email-1_6a01fe23c8fcc\" id=\"forminator-field-email-1_6a01fe23c8fcc-label\" class=\"forminator-label\">Votre email <span class=\"forminator-required\">*<\/span><\/label><input type=\"email\" name=\"email-1\" value=\"\" placeholder=\"\" id=\"forminator-field-email-1_6a01fe23c8fcc\" class=\"forminator-input forminator-email--field\" data-required=\"1\" aria-required=\"true\" autocomplete=\"email\" \/><\/div><\/div><\/div><div class=\"forminator-row\"><div id=\"text-2\" class=\"forminator-field-text forminator-col forminator-col-12 \"><div class=\"forminator-field\"><label for=\"forminator-field-text-2_6a01fe23c8fcc\" id=\"forminator-field-text-2_6a01fe23c8fcc-label\" class=\"forminator-label\">Sujet <span class=\"forminator-required\">*<\/span><\/label><input type=\"text\" name=\"text-2\" value=\"Candidature Spontan\u00e9e\" placeholder=\"\" id=\"forminator-field-text-2_6a01fe23c8fcc\" class=\"forminator-input forminator-name--field\" data-required=\"1\" \/><\/div><\/div><\/div><div class=\"forminator-row\"><div id=\"textarea-1\" class=\"forminator-field-textarea forminator-col forminator-col-12 \"><div class=\"forminator-field\"><label for=\"forminator-field-textarea-1_6a01fe23c8fcc\" id=\"forminator-field-textarea-1_6a01fe23c8fcc-label\" class=\"forminator-label\">Votre message (facultatif)<\/label><textarea name=\"textarea-1\" placeholder=\"\" id=\"forminator-field-textarea-1_6a01fe23c8fcc\" class=\"forminator-textarea\" rows=\"6\" style=\"--forminator-textarea-min-height:140px;\" ><\/textarea><\/div><\/div><\/div><div class=\"forminator-row\"><div id=\"upload-1\" class=\"forminator-field-upload forminator-col forminator-col-12 \"><div class=\"forminator-field\"><label for=\"forminator-field-upload-1_6a01fe23c8fcc\" id=\"forminator-field-upload-1_6a01fe23c8fcc-label\" class=\"forminator-label\">Votre CV <span class=\"forminator-required\">*<\/span><\/label><div class=\"forminator-file-upload \" data-element=\"upload-1_6a01fe23c8fcc\"><input type=\"file\" name=\"upload-1\" id=\"forminator-field-upload-1_6a01fe23c8fcc\" class=\"forminator-input-file-required do-validate\" accept=\".pdf\/,.docx,.doc,.pdf\" tabindex=\"-1\"><button id=\"forminator-field-upload-1_6a01fe23c8fcc_button\" class=\"forminator-button forminator-button-upload\" data-id=\"forminator-field-upload-1_6a01fe23c8fcc\">Choose File<\/button><span data-empty-text=\"No file chosen\">No file chosen<\/span><button class=\"forminator-button-delete\" style=\"display: none;\"><i class=\"forminator-icon-close\" aria-hidden=\"true\"><\/i><span class=\"forminator-screen-reader-only\">Delete uploaded file<\/span><\/button><\/div><\/div><\/div><\/div><input type=\"hidden\" name=\"referer_url\" value=\"\" \/><div class=\"forminator-row forminator-row-last\"><div class=\"forminator-col\"><div class=\"forminator-field\"><button class=\"forminator-button forminator-button-submit et_pb_button et_pb_button_0 et_pb_bg_layout_light\">Soumettre<\/button><\/div><\/div><\/div><input type=\"hidden\" id=\"forminator_nonce\" name=\"forminator_nonce\" value=\"949cd092c1\" \/><input type=\"hidden\" name=\"_wp_http_referer\" value=\"\/index.php?rest_route=%2Fwp%2Fv2%2Fpages%2F10\" \/><input type=\"hidden\" name=\"form_id\" value=\"784\"><input type=\"hidden\" name=\"page_id\" value=\"10\"><input type=\"hidden\" name=\"form_type\" value=\"default\"><input type=\"hidden\" name=\"current_url\" value=\"https:\/\/marchandenergie.com\/?page_id=10\"><input type=\"hidden\" name=\"render_id\" value=\"0\"><input type=\"hidden\" name=\"action\" value=\"forminator_submit_form_custom-forms\"><\/form>[\/et_pb_code][\/et_pb_column][\/et_pb_row][\/et_pb_section]<\/p>\n","protected":false},"excerpt":{"rendered":"<p>Chez Marchand, notre plus grande force, c\u2019est notre monde. Derri\u00e8re chaque r\u00e9alisation, chaque projet men\u00e9 \u00e0 terme, il y a des femmes et des hommes qui s\u2019engagent avec rigueur, c\u0153ur et fiert\u00e9.Sans eux, nous ne serions pas ce que nous sommes aujourd\u2019hui. Notre croissance repose sur un principe simple : reconna\u00eetre le talent, investir dans [&hellip;]<\/p>\n","protected":false},"author":1,"featured_media":0,"parent":0,"menu_order":0,"comment_status":"closed","ping_status":"closed","template":"","meta":{"_et_pb_use_builder":"on","_et_pb_old_content":"","_et_gb_content_width":"","footnotes":""},"class_list":["post-10","page","type-page","status-publish","hentry"],"_links":{"self":[{"href":"https:\/\/marchandenergie.com\/index.php?rest_route=\/wp\/v2\/pages\/10","targetHints":{"allow":["GET"]}}],"collection":[{"href":"https:\/\/marchandenergie.com\/index.php?rest_route=\/wp\/v2\/pages"}],"about":[{"href":"https:\/\/marchandenergie.com\/index.php?rest_route=\/wp\/v2\/types\/page"}],"author":[{"embeddable":true,"href":"https:\/\/marchandenergie.com\/index.php?rest_route=\/wp\/v2\/users\/1"}],"replies":[{"embeddable":true,"href":"https:\/\/marchandenergie.com\/index.php?rest_route=%2Fwp%2Fv2%2Fcomments&post=10"}],"version-history":[{"count":106,"href":"https:\/\/marchandenergie.com\/index.php?rest_route=\/wp\/v2\/pages\/10\/revisions"}],"predecessor-version":[{"id":2045,"href":"https:\/\/marchandenergie.com\/index.php?rest_route=\/wp\/v2\/pages\/10\/revisions\/2045"}],"wp:attachment":[{"href":"https:\/\/marchandenergie.com\/index.php?rest_route=%2Fwp%2Fv2%2Fmedia&parent=10"}],"curies":[{"name":"wp","href":"https:\/\/api.w.org\/{rel}","templated":true}]}}